{"id":2814,"date":"2019-10-20T12:12:29","date_gmt":"2019-10-20T10:12:29","guid":{"rendered":"https:\/\/www.bubble-allstars.com\/sv\/zorbing-ball\/"},"modified":"2025-04-10T16:08:26","modified_gmt":"2025-04-10T14:08:26","slug":"zorbing-ball","status":"publish","type":"page","link":"https:\/\/www.bubble-allstars.com\/sv\/zorbing-ball\/","title":{"rendered":"K\u00f6p Zorbing Ball nu"},"content":{"rendered":"<p>[vc_row full_width=&#8221;stretch_row&#8221; custom_padding=&#8221;true&#8221; custom_padding_t=&#8221;100&#8243; custom_padding_b=&#8221;100&#8243; row_overlay=&#8221;color&#8221; row_overlay_opacity=&#8221;60&#8243; row_overlay_color=&#8221;#161616&#8243; parallax=&#8221;content-moving&#8221; parallax_image=&#8221;1453&#8243;][vc_column width=&#8221;1\/6&#8243;][\/vc_column][vc_column width=&#8221;2\/3&#8243;][vc_custom_heading text=&#8221;K\u00f6p Zorbing Ball nu&#8221; google_fonts=&#8221;font_family:Open%20Sans%3A300%2C300italic%2Cregular%2Citalic%2C600%2C600italic%2C700%2C700italic%2C800%2C800italic|font_style:800%20bold%20regular%3A800%3Anormal&#8221; font_container=&#8221;tag:h1|font_size:80|text_align:center|color:%23ffffff|line_height:1&#8243; css=&#8221;.vc_custom_1585723652945{padding-top: 80px !important;}&#8221;][vc_custom_heading text=&#8221;Vi erbjuder som certifierad \u00e5terf\u00f6rs\u00e4ljare i det svensktalande omr\u00e5det den b\u00e4sta kvaliteten till de b\u00e4sta priserna.&#8221; google_fonts=&#8221;font_family:Open%20Sans%3A300%2C300italic%2Cregular%2Citalic%2C600%2C600italic%2C700%2C700italic%2C800%2C800italic|font_style:400%20regular%3A400%3Anormal&#8221; font_container=&#8221;tag:h2|font_size:18|text_align:center|color:%23ffffff|line_height:1&#8243; css=&#8221;.vc_custom_1571658439389{padding-top: 20px !important;padding-bottom: 20px !important;}&#8221;][rdy_button text=&#8221;Mer info&#8221; size=&#8221;large&#8221; font_weight=&#8221;700&#8243; margin_top=&#8221;25&#8243; style=&#8221;outline&#8221; outline_skin=&#8221;light&#8221; border_size=&#8221;2&#8243; border_radius=&#8221;4&#8243; link=&#8221;url:%23mer|||&#8221;][\/vc_column][vc_column width=&#8221;1\/6&#8243;][\/vc_column][\/vc_row][vc_row full_width=&#8221;stretch_row&#8221; custom_padding=&#8221;true&#8221; custom_padding_t=&#8221;100&#8243; custom_padding_b=&#8221;80&#8243; equal_height=&#8221;yes&#8221; el_id=&#8221;mer&#8221;][vc_column vertical_align=&#8221;center&#8221; scroll_animation=&#8221;down&#8221; scroll_animation_range=&#8221;30&#8243; scroll_animation_speed=&#8221;30&#8243; width=&#8221;1\/2&#8243;][vc_custom_heading text=&#8221;Zorbing Ball &#8211; den m\u00e4nskliga hamsterbollen&#8221; google_fonts=&#8221;font_family:Open%20Sans%3A300%2C300italic%2Cregular%2Citalic%2C600%2C600italic%2C700%2C700italic%2C800%2C800italic|font_style:800%20bold%20regular%3A800%3Anormal&#8221; font_container=&#8221;tag:h2|font_size:34|text_align:left|line_height:1.2&#8243;][vc_column_text css=&#8221;.vc_custom_1571565934289{padding-top: 20px !important;}&#8221;]Hoppa in, sp\u00e4nn fast dig och h\u00e5ll i dig f\u00f6r totalt n\u00f6je. Den m\u00e4nskliga hamsterbollen, \u00e4ven k\u00e4nd som Zorb, passar f\u00f6r alla tillf\u00e4llen \u2013 den kan anv\u00e4ndas b\u00e5de inomhus och utomhus. Med Zorb Ball drar du garanterat all uppm\u00e4rksamhet till dig![\/vc_column_text][rdy_button text=&#8221;Fr\u00e5ga nu utan f\u00f6rpliktelser&#8221; font_weight=&#8221;700&#8243; align=&#8221;left&#8221; margin_top=&#8221;25&#8243; margin_bottom=&#8221;0&#8243; background=&#8221;#ffc107&#8243; border_radius=&#8221;4&#8243; link=&#8221;url:https%3A%2F%2Fwww.bubble-allstars.com%2Fsv%2Ffoerfraagan%2F|||&#8221;][\/vc_column][vc_column vertical_align=&#8221;center&#8221; scroll_animation=&#8221;up&#8221; scroll_animation_range=&#8221;30&#8243; scroll_animation_speed=&#8221;30&#8243; width=&#8221;1\/2&#8243;][vc_column_text]<img class=\"alignnone size-full wp-image-1452\" src=\"https:\/\/www.bubble-allstars.com\/wp-content\/uploads\/2019\/10\/WhatsApp-Image-2019-08-07-at-11.32.33-AM-1024x683.jpeg\" alt=\"\" width=\"1024\" height=\"683\" srcset=\"https:\/\/www.bubble-allstars.com\/wp-content\/uploads\/2019\/10\/WhatsApp-Image-2019-08-07-at-11.32.33-AM-1024x683.jpeg 1024w, https:\/\/www.bubble-allstars.com\/wp-content\/uploads\/2019\/10\/WhatsApp-Image-2019-08-07-at-11.32.33-AM-1024x683-300x200.jpeg 300w, https:\/\/www.bubble-allstars.com\/wp-content\/uploads\/2019\/10\/WhatsApp-Image-2019-08-07-at-11.32.33-AM-1024x683-768x512.jpeg 768w, https:\/\/www.bubble-allstars.com\/wp-content\/uploads\/2019\/10\/WhatsApp-Image-2019-08-07-at-11.32.33-AM-1024x683-700x467.jpeg 700w, https:\/\/www.bubble-allstars.com\/wp-content\/uploads\/2019\/10\/WhatsApp-Image-2019-08-07-at-11.32.33-AM-1024x683-900x600.jpeg 900w\" sizes=\"(max-width: 1024px) 100vw, 1024px\" \/>[\/vc_column_text][\/vc_column][\/vc_row][vc_row full_width=&#8221;stretch_row&#8221; custom_padding=&#8221;true&#8221; custom_padding_b=&#8221;80&#8243; equal_height=&#8221;yes&#8221;][vc_column][vc_row_inner][vc_column_inner css=&#8221;.vc_custom_1571568449864{padding-top: 40px !important;padding-right: 40px !important;padding-bottom: 40px !important;padding-left: 40px !important;background-color: #ededed !important;background-position: center !important;background-repeat: no-repeat !important;background-size: cover !important;border-radius: 10px !important;}&#8221;][vc_custom_heading text=&#8221;V\u00e5rt erbjudande&#8221; google_fonts=&#8221;font_family:Open%20Sans%3A300%2C300italic%2Cregular%2Citalic%2C600%2C600italic%2C700%2C700italic%2C800%2C800italic|font_style:800%20bold%20regular%3A800%3Anormal&#8221; font_container=&#8221;tag:h2|font_size:40|text_align:center|line_height:1.2&#8243;][vc_column_text css=&#8221;.vc_custom_1571568629652{padding-top: 10px !important;}&#8221;]<\/p>\n<p style=\"text-align: center;\">Mycket har h\u00e4nt sedan de f\u00f6rsta prototyperna utvecklades inom <strong>utvecklingen av Zorbing-bollar<\/strong>. Trots det \u00e4r marknaderna \u00f6versv\u00e4mmade med f\u00f6r\u00e5ldrade Bubbles som s\u00e4ljs till oupplysta kunder. Hos oss kan du <strong>endast k\u00f6pa den modernaste utrustningen f\u00f6r Zorbing<\/strong>.<\/p>\n<p>[\/vc_column_text][\/vc_column_inner][\/vc_row_inner][vc_empty_space height=&#8221;80px&#8221;][vc_row_inner gap=&#8221;40&#8243;][vc_column_inner width=&#8221;1\/2&#8243;][vc_custom_heading text=&#8221;PVC Zorbing Ball&#8221; google_fonts=&#8221;font_family:Open%20Sans%3A300%2C300italic%2Cregular%2Citalic%2C600%2C600italic%2C700%2C700italic%2C800%2C800italic|font_style:800%20bold%20regular%3A800%3Anormal&#8221; font_container=&#8221;tag:h2|font_size:38|text_align:left&#8221;][vc_empty_space height=&#8221;20px&#8221;][vc_column_text]Den bepr\u00f6vade klassikern. Prisv\u00e4rd att k\u00f6pa och praktisk att anv\u00e4nda. Det h\u00f6gkvalitativa materialet g\u00f6r det m\u00f6jligt att enkelt utf\u00f6ra mindre reparationer sj\u00e4lv.[\/vc_column_text][vc_empty_space height=&#8221;20px&#8221;][vc_column_text]<\/p>\n<ul>\n<li><strong>H\u00f6gkvalitativ och professionell bearbetning<\/strong><\/li>\n<li><span class=\"hilight\">Polyvinylklorid<\/span><\/li>\n<li>1 x Reparationssats f\u00f6r Zorbing Ball<\/li>\n<li>1 x V\u00e4ska f\u00f6r Zorbing Ball<\/li>\n<li>4 olika storlekar<\/li>\n<li><em>*Zorbing-bollar utan remmar (med remmar, v\u00e4nligen g\u00f6r en uttrycklig f\u00f6rfr\u00e5gan)<\/em><\/li>\n<\/ul>\n<p>[\/vc_column_text][vc_empty_space height=&#8221;20px&#8221;][vc_custom_heading text=&#8221;fr\u00e5n 14 289 SEK&#8221; google_fonts=&#8221;font_family:Open%20Sans%3A300%2C300italic%2Cregular%2Citalic%2C600%2C600italic%2C700%2C700italic%2C800%2C800italic|font_style:700%20bold%20regular%3A700%3Anormal&#8221; font_container=&#8221;tag:h2|font_size:38|text_align:left&#8221;][vc_empty_space height=&#8221;10px&#8221;][vc_custom_heading text=&#8221;ist\u00e4llet f\u00f6r 20 900 SEK<br \/>\n*exkl. moms&#8221; google_fonts=&#8221;font_family:Open%20Sans%3A300%2C300italic%2Cregular%2Citalic%2C600%2C600italic%2C700%2C700italic%2C800%2C800italic|font_style:400%20regular%3A400%3Anormal&#8221; font_container=&#8221;tag:h2|font_size:12|text_align:left&#8221;][rdy_button text=&#8221;Best\u00e4ll nu&#8221; font_weight=&#8221;700&#8243; align=&#8221;left&#8221; margin_top=&#8221;15&#8243; margin_bottom=&#8221;0&#8243; background=&#8221;#ffc107&#8243; border_radius=&#8221;4&#8243; link=&#8221;url:https%3A%2F%2Fwww.bubble-allstars.com%2Fsv%2Ffoerfraagan%2F|||&#8221;][\/vc_column_inner][vc_column_inner width=&#8221;1\/2&#8243;][vc_custom_heading text=&#8221;TPU Zorbing Ball&#8221; google_fonts=&#8221;font_family:Open%20Sans%3A300%2C300italic%2Cregular%2Citalic%2C600%2C600italic%2C700%2C700italic%2C800%2C800italic|font_style:800%20bold%20regular%3A800%3Anormal&#8221; font_container=&#8221;tag:h2|font_size:38|text_align:left&#8221;][vc_empty_space height=&#8221;20px&#8221;][vc_column_text]Premiummaterialet som utm\u00e4rker sig genom exceptionell robusthet. Materialet \u00e4r dessutom luktfritt och f\u00e4rgneutralt och st\u00e5r emot \u00e4ven kallare temperaturer.[\/vc_column_text][vc_empty_space height=&#8221;20px&#8221;][vc_column_text]<\/p>\n<ul>\n<li><strong>H\u00f6gkvalitativ och professionell bearbetning<\/strong><\/li>\n<li><span class=\"hilight\">Termoplastisk polyuretan<\/span><\/li>\n<li>1 x Reparationssats f\u00f6r Zorbing Ball<\/li>\n<li>1 x V\u00e4ska f\u00f6r Zorbing Ball<\/li>\n<li>4 olika storlekar<\/li>\n<li><em>*Zorbing-bollar utan remmar (med remmar, v\u00e4nligen g\u00f6r en uttrycklig f\u00f6rfr\u00e5gan)<\/em><\/li>\n<\/ul>\n<p>[\/vc_column_text][vc_empty_space height=&#8221;20px&#8221;][vc_custom_heading text=&#8221;fr\u00e5n 17 589 SEK&#8221; google_fonts=&#8221;font_family:Open%20Sans%3A300%2C300italic%2Cregular%2Citalic%2C600%2C600italic%2C700%2C700italic%2C800%2C800italic|font_style:700%20bold%20regular%3A700%3Anormal&#8221; font_container=&#8221;tag:h2|font_size:38|text_align:left&#8221;][vc_empty_space height=&#8221;10px&#8221;][vc_custom_heading text=&#8221;ist\u00e4llet f\u00f6r 25 300 SEK<br \/>\n*exkl. moms&#8221; google_fonts=&#8221;font_family:Open%20Sans%3A300%2C300italic%2Cregular%2Citalic%2C600%2C600italic%2C700%2C700italic%2C800%2C800italic|font_style:400%20regular%3A400%3Anormal&#8221; font_container=&#8221;tag:h2|font_size:12|text_align:left&#8221;][rdy_button text=&#8221;Best\u00e4ll nu&#8221; font_weight=&#8221;700&#8243; align=&#8221;left&#8221; margin_top=&#8221;15&#8243; margin_bottom=&#8221;0&#8243; background=&#8221;#ffc107&#8243; border_radius=&#8221;4&#8243; link=&#8221;url:https%3A%2F%2Fwww.bubble-allstars.com%2Fsv%2Ffoerfraagan%2F|||&#8221;][\/vc_column_inner][\/vc_row_inner][vc_empty_space height=&#8221;80px&#8221;][rdy_gallery hover_element=&#8221;cross&#8221; images=&#8221;1452,1454,1455&#8243;][vc_empty_space height=&#8221;80px&#8221;][vc_column_text]<\/p>\n<h2 style=\"text-align: center;\">Vill du ha din egen logotyp p\u00e5 din Zorb?<\/h2>\n<p>[\/vc_column_text][rdy_button text=&#8221;Klicka h\u00e4r&#8221; font_weight=&#8221;700&#8243; margin_top=&#8221;15&#8243; margin_bottom=&#8221;0&#8243; style=&#8221;outline&#8221; border_size=&#8221;2&#8243; border_radius=&#8221;4&#8243; link=&#8221;url:https%3A%2F%2Fwww.bubble-allstars.com%2Fsv%2Ffoerfraagan%2F|||&#8221;][\/vc_column][\/vc_row][vc_row full_width=&#8221;stretch_row&#8221; custom_padding=&#8221;true&#8221; custom_padding_t=&#8221;60&#8243; custom_padding_b=&#8221;60&#8243; css=&#8221;.vc_custom_1571567377258{background-color: #ffc107 !important;background-position: center !important;background-repeat: no-repeat !important;background-size: cover !important;}&#8221;][vc_column width=&#8221;1\/6&#8243;][\/vc_column][vc_column width=&#8221;2\/3&#8243;][vc_column_text]<\/p>\n<h2 style=\"text-align: center;\">Frakt med kvalitetskontroll<\/h2>\n<p style=\"text-align: center;\">Ingen Zorb Ball l\u00e4mnar v\u00e5rt lager utan att noggrant testas och kontrolleras enligt en kvalitetskontroll. H\u00e4r testas Zorben f\u00f6r h\u00e5llbarhet, material och robusthet. F\u00f6re varje leverans bekr\u00e4ftas din Zorb av en av v\u00e5ra medarbetare och skickas sedan f\u00f6rst p\u00e5 v\u00e4g till dig.<\/p>\n<p>[\/vc_column_text][\/vc_column][vc_column width=&#8221;1\/6&#8243;][\/vc_column][\/vc_row][vc_row custom_padding=&#8221;true&#8221; custom_padding_t=&#8221;80&#8243; custom_padding_b=&#8221;80&#8243;][vc_column][vc_column_text]<\/p>\n<h2 style=\"text-align: center;\">V\u00e5ra entusiastiska kunder<\/h2>\n<p>[\/vc_column_text][vc_empty_space height=&#8221;60px&#8221;][rdy_gallery type=&#8221;grid_adv&#8221; adv_pattern=&#8221;3&#8243; orderby_random=&#8221;true&#8221; hover_element=&#8221;cross&#8221; images=&#8221;1480,1481,1482,1483,1484,1485,1486,1487,1488,1489,1490,1491,1492,1493,1494,1495,1496,1497,1498,1499&#8243;][\/vc_column][\/vc_row][vc_row][vc_column][rdy_button text=&#8221;Best\u00e4ll Zorbing Ball nu&#8221; size=&#8221;x-large&#8221; font_weight=&#8221;700&#8243; margin_top=&#8221;15&#8243; margin_bottom=&#8221;0&#8243; background=&#8221;#ffc107&#8243; border_radius=&#8221;4&#8243; link=&#8221;url:https%3A%2F%2Fwww.bubble-allstars.com%2Fsv%2Ffoerfraagan%2F|||&#8221;][\/vc_column][\/vc_row]<\/p>\n","protected":false},"excerpt":{"rendered":"<p>[vc_row full_width=&#8221;stretch_row&#8221; custom_padding=&#8221;true&#8221; custom_padding_t=&#8221;100&#8243; custom_padding_b=&#8221;100&#8243; row_overlay=&#8221;color&#8221; row_overlay_opacity=&#8221;60&#8243; row_overlay_color=&#8221;#161616&#8243; parallax=&#8221;content-moving&#8221; parallax_image=&#8221;1453&#8243;][vc_column width=&#8221;1\/6&#8243;][\/vc_column][vc_column width=&#8221;2\/3&#8243;][vc_custom_heading text=&#8221;K\u00f6p Zorbing Ball nu&#8221; google_fonts=&#8221;font_family:Open%20Sans%3A300%2C300italic%2Cregular%2Citalic%2C600%2C600italic%2C700%2C700italic%2C800%2C800italic|font_style:800%20bold%20regular%3A800%3Anormal&#8221; font_container=&#8221;tag:h1|font_size:80|text_align:center|color:%23ffffff|line_height:1&#8243; css=&#8221;.vc_custom_1585723652945{padding-top: 80px !important;}&#8221;][vc_custom_heading text=&#8221;Vi erbjuder som certifierad \u00e5terf\u00f6rs\u00e4ljare i det svensktalande omr\u00e5det [&hellip;]<\/p>\n","protected":false},"author":1,"featured_media":0,"parent":0,"menu_order":0,"comment_status":"closed","ping_status":"closed","template":"","meta":{"spay_email":""},"yoast_head":"<!-- This site is optimized with the Yoast SEO plugin v15.7 - https:\/\/yoast.com\/wordpress\/plugins\/seo\/ -->\n<title>Zorbing Ball Kaufen | Beste Qualit\u00e4t<\/title>\n<meta name=\"description\" content=\"Das Premium-Material des Zorb Ball welches sich durch au\u00dferordentliche Robustheit auszeichnet ist geruchs- und farbneutral und h\u00e4lt sogar bei k\u00e4lteren...\" \/>\n<meta name=\"robots\" content=\"index, follow, max-snippet:-1, max-image-preview:large, max-video-preview:-1\" \/>\n<link rel=\"canonical\" href=\"https:\/\/www.bubble-allstars.com\/sv\/zorbing-ball\/\" \/>\n<meta property=\"og:locale\" content=\"sv_SE\" \/>\n<meta property=\"og:type\" content=\"article\" \/>\n<meta property=\"og:title\" content=\"Zorbing Ball Kaufen | Beste Qualit\u00e4t\" \/>\n<meta property=\"og:description\" content=\"Das Premium-Material des Zorb Ball welches sich durch au\u00dferordentliche Robustheit auszeichnet ist geruchs- und farbneutral und h\u00e4lt sogar bei k\u00e4lteren...\" \/>\n<meta property=\"og:url\" content=\"https:\/\/www.bubble-allstars.com\/sv\/zorbing-ball\/\" \/>\n<meta property=\"og:site_name\" content=\"Bubble Allstars\" \/>\n<meta property=\"article:publisher\" content=\"https:\/\/www.facebook.com\/bubbleallstars\/\" \/>\n<meta property=\"article:modified_time\" content=\"2025-04-10T14:08:26+00:00\" \/>\n<meta property=\"og:image\" content=\"https:\/\/www.bubble-allstars.com\/wp-content\/uploads\/2019\/10\/WhatsApp-Image-2019-08-07-at-11.32.33-AM-1024x683.jpeg\" \/>\n<meta name=\"twitter:card\" content=\"summary\" \/>\n<meta name=\"twitter:label1\" content=\"Est. reading time\">\n\t<meta name=\"twitter:data1\" content=\"3 minutes\">\n<script type=\"application\/ld+json\" class=\"yoast-schema-graph\">{\"@context\":\"https:\/\/schema.org\",\"@graph\":[{\"@type\":\"WebSite\",\"@id\":\"https:\/\/www.bubble-allstars.com\/#website\",\"url\":\"https:\/\/www.bubble-allstars.com\/\",\"name\":\"Bubble Allstars\",\"description\":\"High Quality Bubble Soccer Balls\",\"potentialAction\":[{\"@type\":\"SearchAction\",\"target\":\"https:\/\/www.bubble-allstars.com\/?s={search_term_string}\",\"query-input\":\"required name=search_term_string\"}],\"inLanguage\":\"sv-SE\"},{\"@type\":\"ImageObject\",\"@id\":\"https:\/\/www.bubble-allstars.com\/sv\/zorbing-ball\/#primaryimage\",\"inLanguage\":\"sv-SE\",\"url\":\"https:\/\/www.bubble-allstars.com\/wp-content\/uploads\/2019\/10\/WhatsApp-Image-2019-08-07-at-11.32.33-AM-1024x683.jpeg\"},{\"@type\":\"WebPage\",\"@id\":\"https:\/\/www.bubble-allstars.com\/sv\/zorbing-ball\/#webpage\",\"url\":\"https:\/\/www.bubble-allstars.com\/sv\/zorbing-ball\/\",\"name\":\"Zorbing Ball Kaufen | Beste Qualit\\u00e4t\",\"isPartOf\":{\"@id\":\"https:\/\/www.bubble-allstars.com\/#website\"},\"primaryImageOfPage\":{\"@id\":\"https:\/\/www.bubble-allstars.com\/sv\/zorbing-ball\/#primaryimage\"},\"datePublished\":\"2019-10-20T10:12:29+00:00\",\"dateModified\":\"2025-04-10T14:08:26+00:00\",\"description\":\"Das Premium-Material des Zorb Ball welches sich durch au\\u00dferordentliche Robustheit auszeichnet ist geruchs- und farbneutral und h\\u00e4lt sogar bei k\\u00e4lteren...\",\"inLanguage\":\"sv-SE\",\"potentialAction\":[{\"@type\":\"ReadAction\",\"target\":[\"https:\/\/www.bubble-allstars.com\/sv\/zorbing-ball\/\"]}]}]}<\/script>\n<!-- \/ Yoast SEO plugin. -->","jetpack_sharing_enabled":false,"jetpack_shortlink":"https:\/\/wp.me\/P85as2-Jo","_links":{"self":[{"href":"https:\/\/www.bubble-allstars.com\/sv\/wp-json\/wp\/v2\/pages\/2814"}],"collection":[{"href":"https:\/\/www.bubble-allstars.com\/sv\/wp-json\/wp\/v2\/pages"}],"about":[{"href":"https:\/\/www.bubble-allstars.com\/sv\/wp-json\/wp\/v2\/types\/page"}],"author":[{"embeddable":true,"href":"https:\/\/www.bubble-allstars.com\/sv\/wp-json\/wp\/v2\/users\/1"}],"replies":[{"embeddable":true,"href":"https:\/\/www.bubble-allstars.com\/sv\/wp-json\/wp\/v2\/comments?post=2814"}],"version-history":[{"count":3,"href":"https:\/\/www.bubble-allstars.com\/sv\/wp-json\/wp\/v2\/pages\/2814\/revisions"}],"predecessor-version":[{"id":2836,"href":"https:\/\/www.bubble-allstars.com\/sv\/wp-json\/wp\/v2\/pages\/2814\/revisions\/2836"}],"wp:attachment":[{"href":"https:\/\/www.bubble-allstars.com\/sv\/wp-json\/wp\/v2\/media?parent=2814"}],"curies":[{"name":"wp","href":"https:\/\/api.w.org\/{rel}","templated":true}]}}