{"id":2978,"date":"2016-11-28T15:40:22","date_gmt":"2016-11-28T14:40:22","guid":{"rendered":"https:\/\/www.bubble-allstars.com\/pt-pt\/kunden\/"},"modified":"2025-04-14T22:23:54","modified_gmt":"2025-04-14T20:23:54","slug":"clientes","status":"publish","type":"page","link":"https:\/\/www.bubble-allstars.com\/pt-pt\/clientes\/","title":{"rendered":"Clientes"},"content":{"rendered":"<p>[vc_row custom_padding=&#8221;true&#8221; custom_padding_lr=&#8221;100&#8243; css=&#8221;.vc_custom_1480163985182{margin-top: 6% !important;}&#8221;][vc_column][vc_custom_heading text=&#8221;Nossos Clientes Satisfeitos&#8221; google_fonts=&#8221;font_family:Open%20Sans%3A300%2C300italic%2Cregular%2Citalic%2C600%2C600italic%2C700%2C700italic%2C800%2C800italic|font_style:800%20bold%20regular%3A800%3Anormal&#8221; font_container=&#8221;tag:h2|font_size:60|text_align:center|line_height:1.4&#8243; font_title_responsive=&#8221;true&#8221;][\/vc_column][\/vc_row][vc_row custom_padding=&#8221;true&#8221; custom_padding_lr=&#8221;100&#8243; css=&#8221;.vc_custom_1480165338886{margin-top: 6% !important;margin-bottom: 4% !important;}&#8221;][vc_column scroll_animation=&#8221;down&#8221; scroll_animation_range=&#8221;30&#8243; scroll_animation_speed=&#8221;30&#8243; width=&#8221;1\/2&#8243;][vc_column_text css=&#8221;.vc_custom_1559071646429{padding-top: 15px !important;}&#8221;]<span style=\"font-weight: 400;\"><span style=\"font-size: 24pt;\"><strong>Alex<\/strong> de Frankfurt, Alemanha<\/span><br \/>\n<\/span>[\/vc_column_text][vc_column_text]<span style=\"font-weight: 400;\">\u201cEstamos muito felizes e gratos por termos feito o pedido com a Bubble Allstars. Os bubbles n\u00e3o t\u00eam compara\u00e7\u00e3o com outros fabricantes e impressionam pela qualidade de acabamento e materiais de alto padr\u00e3o. O atendimento tamb\u00e9m foi perfeito! Como atualmente \u00e9 preciso ter cuidado ao comprar bubbles, a Bubble Allstars conquistou 100% da nossa confian\u00e7a.\u201d<\/span>[\/vc_column_text][\/vc_column][vc_column scroll_animation=&#8221;up&#8221; scroll_animation_range=&#8221;30&#8243; scroll_animation_speed=&#8221;30&#8243; width=&#8221;1\/2&#8243;][vc_single_image image=&#8221;1376&#8243; style=&#8221;vc_box_rounded&#8221; onclick=&#8221;zoom&#8221;][\/vc_column][\/vc_row][vc_row custom_padding=&#8221;true&#8221; custom_padding_lr=&#8221;100&#8243; css=&#8221;.vc_custom_1480165338886{margin-top: 6% !important;margin-bottom: 4% !important;}&#8221;][vc_column scroll_animation=&#8221;up&#8221; scroll_animation_range=&#8221;30&#8243; scroll_animation_speed=&#8221;30&#8243; width=&#8221;1\/2&#8243;][vc_single_image image=&#8221;1492&#8243; style=&#8221;vc_box_rounded&#8221; onclick=&#8221;zoom&#8221;][\/vc_column][vc_column scroll_animation=&#8221;down&#8221; scroll_animation_range=&#8221;30&#8243; scroll_animation_speed=&#8221;30&#8243; width=&#8221;1\/2&#8243;][vc_column_text css=&#8221;.vc_custom_1598334649759{padding-top: 15px !important;}&#8221;]<span style=\"font-weight: 400;\"><span style=\"font-size: 24pt;\"><strong>Yann<\/strong> de Bergen, Noruega<\/span><br \/>\n<\/span>[\/vc_column_text][vc_column_text]<\/p>\n<p>I am text block. Click edit button to change this text. Lorem ipsum dolor sit amet, consectetur adipiscing elit. Ut elit tellus, luctus nec ullamcorper mattis, pulvinar dapibus leo.<\/p>\n<p>[\/vc_column_text][\/vc_column][\/vc_row][vc_row custom_padding=&#8221;true&#8221; custom_padding_lr=&#8221;100&#8243; css=&#8221;.vc_custom_1480165338886{margin-top: 6% !important;margin-bottom: 4% !important;}&#8221;][vc_column scroll_animation=&#8221;down&#8221; scroll_animation_range=&#8221;30&#8243; scroll_animation_speed=&#8221;30&#8243; width=&#8221;1\/2&#8243;][vc_column_text css=&#8221;.vc_custom_1598334760307{padding-top: 15px !important;}&#8221;]<span style=\"font-weight: 400;\"><span style=\"font-size: 24pt;\"><strong>Birgit<\/strong> de Viena, \u00c1ustria<\/span><br \/>\n<\/span>[\/vc_column_text][vc_column_text]\u201eObrigada! Estamos totalmente satisfeitos com nossos bubbles. A entrega foi muito r\u00e1pida e sem complica\u00e7\u00f5es. Os bubbles s\u00e3o de qualidade muito superior em compara\u00e7\u00e3o com outros. Muito obrigada!&#8221;[\/vc_column_text][\/vc_column][vc_column scroll_animation=&#8221;up&#8221; scroll_animation_range=&#8221;30&#8243; scroll_animation_speed=&#8221;30&#8243; width=&#8221;1\/2&#8243;][vc_single_image image=&#8221;1674&#8243; style=&#8221;vc_box_rounded&#8221; onclick=&#8221;zoom&#8221;][\/vc_column][\/vc_row][vc_row custom_padding=&#8221;true&#8221; custom_padding_lr=&#8221;100&#8243; css=&#8221;.vc_custom_1480165338886{margin-top: 6% !important;margin-bottom: 4% !important;}&#8221;][vc_column scroll_animation=&#8221;up&#8221; scroll_animation_range=&#8221;30&#8243; scroll_animation_speed=&#8221;30&#8243; width=&#8221;1\/2&#8243;][vc_single_image image=&#8221;734&#8243; style=&#8221;vc_box_rounded&#8221; onclick=&#8221;zoom&#8221;][\/vc_column][vc_column scroll_animation=&#8221;down&#8221; scroll_animation_range=&#8221;30&#8243; scroll_animation_speed=&#8221;30&#8243; width=&#8221;1\/2&#8243;][vc_column_text css=&#8221;.vc_custom_1480597915702{padding-top: 15px !important;}&#8221;]<span style=\"font-weight: 400;\"><span style=\"font-size: 24pt;\"><strong>Michael<\/strong> de Leipzig, Alemanha<\/span><br \/>\n<\/span>[\/vc_column_text][vc_column_text]<span style=\"font-weight: 400;\">\u201cH\u00e1 um ano, administro com sucesso um servi\u00e7o de aluguel de Bubble Soccer e, no passado, tive experi\u00eancias ruins com ofertas de fabricantes chineses na internet. Por isso, desta vez decidi escolher a Bubble Allstars e n\u00e3o me decepcionei. O acabamento dos bubbles \u00e9 TOP!\u201d<\/span>[\/vc_column_text][\/vc_column][\/vc_row][vc_row custom_padding=&#8221;true&#8221; custom_padding_lr=&#8221;100&#8243; css=&#8221;.vc_custom_1480165331380{margin-top: 4% !important;margin-bottom: 4% !important;}&#8221;][vc_column scroll_animation=&#8221;down&#8221; scroll_animation_range=&#8221;30&#8243; scroll_animation_speed=&#8221;30&#8243; width=&#8221;1\/2&#8243;][vc_column_text css=&#8221;.vc_custom_1490612123371{padding-top: 15px !important;}&#8221;]<span style=\"font-weight: 400;\"><span style=\"font-size: 24pt;\"><strong>Kathrin<\/strong> de Munique, Alemanha<\/span><br \/>\n<\/span>[\/vc_column_text][vc_column_text]<i>\u201c<\/i><span style=\"font-weight: 400;\">Excelente atendimento ao cliente! Eles foram muito prestativos e compreensivos. O envio foi mais r\u00e1pido do que o esperado. Obrigada novamente!&#8221;<\/span>[\/vc_column_text][\/vc_column][vc_column scroll_animation=&#8221;up&#8221; scroll_animation_range=&#8221;30&#8243; scroll_animation_speed=&#8221;30&#8243; width=&#8221;1\/2&#8243;][vc_single_image image=&#8221;735&#8243; style=&#8221;vc_box_rounded&#8221; onclick=&#8221;zoom&#8221;][\/vc_column][\/vc_row][vc_row custom_padding=&#8221;true&#8221; custom_padding_lr=&#8221;100&#8243; css=&#8221;.vc_custom_1480165367525{margin-top: 4% !important;margin-bottom: 4% !important;}&#8221;][vc_column scroll_animation=&#8221;up&#8221; scroll_animation_range=&#8221;30&#8243; scroll_animation_speed=&#8221;30&#8243; width=&#8221;1\/2&#8243;][vc_single_image image=&#8221;737&#8243; style=&#8221;vc_box_rounded&#8221; onclick=&#8221;zoom&#8221;][\/vc_column][vc_column scroll_animation=&#8221;down&#8221; scroll_animation_range=&#8221;30&#8243; scroll_animation_speed=&#8221;30&#8243; width=&#8221;1\/2&#8243;][vc_column_text css=&#8221;.vc_custom_1480598313236{padding-top: 15px !important;}&#8221;]<span style=\"font-weight: 400;\"><span style=\"font-size: 24pt;\"><strong>Lennard<\/strong> de Estocolmo, Su\u00e9cia<\/span><br \/>\n<\/span>[\/vc_column_text][vc_column_text]<span style=\"font-weight: 400;\"> &#8220;As pessoas aqui na Su\u00e9cia s\u00e3o loucas por jogar Bubble Soccer na neve. Eu pedi o pacote inicial com bubbles de TPU e devo dizer: a qualidade \u00e9 excelente. Tamb\u00e9m gosto muito da planilha para gerenciar minhas reservas. Isso torna minha vida muito mais f\u00e1cil!&#8221;<\/span>[\/vc_column_text][\/vc_column][\/vc_row][vc_row custom_padding=&#8221;true&#8221; custom_padding_lr=&#8221;100&#8243; css=&#8221;.vc_custom_1480165381768{margin-top: 4% !important;margin-bottom: 4% !important;}&#8221;][vc_column scroll_animation=&#8221;down&#8221; scroll_animation_range=&#8221;30&#8243; scroll_animation_speed=&#8221;30&#8243; width=&#8221;1\/2&#8243;][vc_column_text css=&#8221;.vc_custom_1490612097208{padding-top: 15px !important;}&#8221;]<span style=\"font-size: 24pt;\"><b>Gabriel<\/b> de Berna, Su\u00ed\u00e7a<\/span><br \/>\n[\/vc_column_text][vc_column_text]<span style=\"font-weight: 400;\">\u201cComprei os bubbles como presente para o clube juvenil dos meus filhos (17 e 15 anos) e eles adoraram! Obrigado pela \u00f3tima consultoria.\u201d<\/span>[\/vc_column_text][\/vc_column][vc_column scroll_animation=&#8221;up&#8221; scroll_animation_range=&#8221;30&#8243; scroll_animation_speed=&#8221;30&#8243; width=&#8221;1\/2&#8243;][vc_single_image image=&#8221;740&#8243; style=&#8221;vc_box_rounded&#8221; onclick=&#8221;zoom&#8221;][\/vc_column][\/vc_row][vc_row custom_padding=&#8221;true&#8221; custom_padding_lr=&#8221;100&#8243; css=&#8221;.vc_custom_1480165400664{margin-top: 4% !important;margin-bottom: 4% !important;}&#8221;][vc_column scroll_animation=&#8221;up&#8221; scroll_animation_range=&#8221;30&#8243; scroll_animation_speed=&#8221;30&#8243; width=&#8221;1\/2&#8243;][vc_single_image image=&#8221;738&#8243; style=&#8221;vc_box_rounded&#8221; onclick=&#8221;zoom&#8221;][\/vc_column][vc_column scroll_animation=&#8221;down&#8221; scroll_animation_range=&#8221;30&#8243; scroll_animation_speed=&#8221;30&#8243; width=&#8221;1\/2&#8243;][vc_column_text css=&#8221;.vc_custom_1490612188186{padding-top: 15px !important;}&#8221;]<span style=\"font-weight: 400;\"><span style=\"font-size: 24pt;\"><strong>Marie<\/strong> de Dortmund, Alemanha<\/span><br \/>\n<\/span>[\/vc_column_text][vc_column_text]<span style=\"font-weight: 400;\">&#8220;Organizamos torneios com empresas e clubes de futebol. Escolhi a Bubble Allstars porque eles oferecem muitas op\u00e7\u00f5es diferentes para escolha. Agora temos bubbles em 4 cores diferentes e estou muito satisfeita com eles.&#8221;<\/span>[\/vc_column_text][\/vc_column][\/vc_row][vc_row custom_padding=&#8221;true&#8221; custom_padding_lr=&#8221;100&#8243; css=&#8221;.vc_custom_1480165413280{margin-top: 4% !important;margin-bottom: 4% !important;}&#8221;][vc_column scroll_animation=&#8221;down&#8221; scroll_animation_range=&#8221;30&#8243; scroll_animation_speed=&#8221;30&#8243; width=&#8221;1\/2&#8243;][vc_column_text css=&#8221;.vc_custom_1480597988460{padding-top: 15px !important;}&#8221;]<span style=\"font-weight: 400;\"><span style=\"font-size: 24pt;\"><strong>Max<\/strong> de Hollabrunn, \u00c1ustria<\/span><br \/>\n<\/span>[\/vc_column_text][vc_column_text]<span style=\"font-weight: 400;\">\u201cInicialmente, eu s\u00f3 queria jogar uma partida de Bubble Soccer com amigos, mas como n\u00e3o havia ofertas adequadas na nossa regi\u00e3o, pegamos o pacote inicial e come\u00e7amos nosso pr\u00f3prio servi\u00e7o de aluguel. Com as fotos de estoque inclu\u00eddas, conseguimos realizar as primeiras reservas imediatamente. Realmente \u00f3timo!\u201d<\/span>[\/vc_column_text][\/vc_column][vc_column scroll_animation=&#8221;up&#8221; scroll_animation_range=&#8221;30&#8243; scroll_animation_speed=&#8221;30&#8243; width=&#8221;1\/2&#8243;][vc_single_image image=&#8221;732&#8243; style=&#8221;vc_box_rounded&#8221; onclick=&#8221;zoom&#8221;][\/vc_column][\/vc_row][vc_row custom_padding=&#8221;true&#8221; custom_padding_lr=&#8221;100&#8243; css=&#8221;.vc_custom_1480165400664{margin-top: 4% !important;margin-bottom: 4% !important;}&#8221;][vc_column scroll_animation=&#8221;up&#8221; scroll_animation_range=&#8221;30&#8243; scroll_animation_speed=&#8221;30&#8243; width=&#8221;1\/2&#8243;][vc_single_image image=&#8221;1490&#8243; style=&#8221;vc_box_rounded&#8221; onclick=&#8221;zoom&#8221;][\/vc_column][vc_column scroll_animation=&#8221;down&#8221; scroll_animation_range=&#8221;30&#8243; scroll_animation_speed=&#8221;30&#8243; width=&#8221;1\/2&#8243;][vc_column_text css=&#8221;.vc_custom_1598334851913{padding-top: 15px !important;}&#8221;]<span style=\"font-weight: 400;\"><span style=\"font-size: 24pt;\"><strong>Marta<\/strong> de Nantes, Fran\u00e7a<\/span><br \/>\n<\/span>[\/vc_column_text][vc_column_text]\u201eCom isso, podemos recomendar a Bubble Allstars a qualquer pessoa interessada em comprar bolas de Bubble Soccer ou bolas de zorbing. Estamos muito gratos pelo excelente atendimento e pela entrega r\u00e1pida\u2026 \u201c[\/vc_column_text][\/vc_column][\/vc_row][vc_row full_width=&#8221;stretch_row&#8221; custom_padding=&#8221;true&#8221; custom_padding_t=&#8221;60&#8243; custom_padding_b=&#8221;60&#8243; css=&#8221;.vc_custom_1480164495352{background-color: #f7f7f7 !important;}&#8221;][vc_column][vc_custom_heading text=&#8221;Seja Nosso Pr\u00f3ximo Cliente Satisfeito&#8221; google_fonts=&#8221;font_family:Open%20Sans%3A300%2C300italic%2Cregular%2Citalic%2C600%2C600italic%2C700%2C700italic%2C800%2C800italic|font_style:800%20bold%20regular%3A800%3Anormal&#8221; font_container=&#8221;tag:h2|font_size:40|text_align:center&#8221;][rdy_button text=&#8221;Encomendar Agora&#8221; size=&#8221;large&#8221; uppercase=&#8221;true&#8221; margin_top=&#8221;25&#8243; margin_bottom=&#8221;10&#8243; background=&#8221;#ffc107&#8243; border_radius=&#8221;4&#8243; link=&#8221;url:https%3A%2F%2Fwww.bubble-allstars.com%2Fpt-pt%2Fsolicitacao%2F|||&#8221;][\/vc_column][\/vc_row][vc_row custom_padding=&#8221;true&#8221; custom_padding_t=&#8221;45&#8243;][vc_column][vc_column_text]<\/p>\n<p style=\"text-align: center;\"><b>\u00a9 2025 Bubble Allstars<\/b> \u2022 <a href=\"https:\/\/www.bubble-allstars.com\/pt-pt\/politica-de-privacidade\/\">Pol\u00edtica de Privacidade<\/a> \u2022 <a href=\"https:\/\/www.bubble-allstars.com\/pt-pt\/tc\/\">Termos e Condi\u00e7\u00f5es<\/a> \u2022 <a href=\"https:\/\/www.bubble-allstars.com\/pt-pt\/aviso-legal\/\">Impressum<\/a><\/p>\n<p>[\/vc_column_text][\/vc_column][\/vc_row]<\/p>\n","protected":false},"excerpt":{"rendered":"<p>[vc_row custom_padding=&#8221;true&#8221; custom_padding_lr=&#8221;100&#8243; css=&#8221;.vc_custom_1480163985182{margin-top: 6% !important;}&#8221;][vc_column][vc_custom_heading text=&#8221;Nossos Clientes Satisfeitos&#8221; google_fonts=&#8221;font_family:Open%20Sans%3A300%2C300italic%2Cregular%2Citalic%2C600%2C600italic%2C700%2C700italic%2C800%2C800italic|font_style:800%20bold%20regular%3A800%3Anormal&#8221; font_container=&#8221;tag:h2|font_size:60|text_align:center|line_height:1.4&#8243; font_title_responsive=&#8221;true&#8221;][\/vc_column][\/vc_row][vc_row custom_padding=&#8221;true&#8221; custom_padding_lr=&#8221;100&#8243; css=&#8221;.vc_custom_1480165338886{margin-top: 6% !important;margin-bottom: 4% !important;}&#8221;][vc_column scroll_animation=&#8221;down&#8221; scroll_animation_range=&#8221;30&#8243; scroll_animation_speed=&#8221;30&#8243; width=&#8221;1\/2&#8243;][vc_column_text css=&#8221;.vc_custom_1559071646429{padding-top: 15px !important;}&#8221;]Alex de Frankfurt, Alemanha [\/vc_column_text][vc_column_text]\u201cEstamos [&hellip;]<\/p>\n","protected":false},"author":1,"featured_media":0,"parent":0,"menu_order":0,"comment_status":"closed","ping_status":"closed","template":"","meta":{"spay_email":""},"yoast_head":"<!-- This site is optimized with the Yoast SEO plugin v15.7 - https:\/\/yoast.com\/wordpress\/plugins\/seo\/ -->\n<title>Zufriedene Bubble Soccer Kunden | Bubble Allstars<\/title>\n<meta name=\"description\" content=\"Lesen Sie Erfahrungsberichte von unseren Kunden. Jetzt Ausr\u00fcstung f\u00fcr Bubble Soccer kaufen und erfolgreicher Bubblepreneur werden!\" \/>\n<meta name=\"robots\" content=\"index, follow, max-snippet:-1, max-image-preview:large, max-video-preview:-1\" \/>\n<link rel=\"canonical\" href=\"https:\/\/www.bubble-allstars.com\/pt-pt\/clientes\/\" \/>\n<meta property=\"og:locale\" content=\"pt_PT\" \/>\n<meta property=\"og:type\" content=\"article\" \/>\n<meta property=\"og:title\" content=\"Zufriedene Bubble Soccer Kunden | Bubble Allstars\" \/>\n<meta property=\"og:description\" content=\"Lesen Sie Erfahrungsberichte von unseren Kunden. Jetzt Ausr\u00fcstung f\u00fcr Bubble Soccer kaufen und erfolgreicher Bubblepreneur werden!\" \/>\n<meta property=\"og:url\" content=\"https:\/\/www.bubble-allstars.com\/pt-pt\/clientes\/\" \/>\n<meta property=\"og:site_name\" content=\"Bubble Allstars\" \/>\n<meta property=\"article:publisher\" content=\"https:\/\/www.facebook.com\/bubbleallstars\/\" \/>\n<meta property=\"article:modified_time\" content=\"2025-04-14T20:23:54+00:00\" \/>\n<meta property=\"og:image\" content=\"https:\/\/www.bubble-allstars.com\/wp-content\/uploads\/2022\/08\/bubble-soccer-ball-kaufen.jpg\" \/>\n\t<meta property=\"og:image:width\" content=\"465\" \/>\n\t<meta property=\"og:image:height\" content=\"465\" \/>\n<meta name=\"twitter:card\" content=\"summary\" \/>\n<meta name=\"twitter:label1\" content=\"Est. reading time\">\n\t<meta name=\"twitter:data1\" content=\"3 minutes\">\n<script type=\"application\/ld+json\" class=\"yoast-schema-graph\">{\"@context\":\"https:\/\/schema.org\",\"@graph\":[{\"@type\":\"WebSite\",\"@id\":\"https:\/\/www.bubble-allstars.com\/#website\",\"url\":\"https:\/\/www.bubble-allstars.com\/\",\"name\":\"Bubble Allstars\",\"description\":\"High Quality Bubble Soccer Balls\",\"potentialAction\":[{\"@type\":\"SearchAction\",\"target\":\"https:\/\/www.bubble-allstars.com\/?s={search_term_string}\",\"query-input\":\"required name=search_term_string\"}],\"inLanguage\":\"pt-PT\"},{\"@type\":\"WebPage\",\"@id\":\"https:\/\/www.bubble-allstars.com\/pt-pt\/clientes\/#webpage\",\"url\":\"https:\/\/www.bubble-allstars.com\/pt-pt\/clientes\/\",\"name\":\"Zufriedene Bubble Soccer Kunden | Bubble Allstars\",\"isPartOf\":{\"@id\":\"https:\/\/www.bubble-allstars.com\/#website\"},\"datePublished\":\"2016-11-28T14:40:22+00:00\",\"dateModified\":\"2025-04-14T20:23:54+00:00\",\"description\":\"Lesen Sie Erfahrungsberichte von unseren Kunden. Jetzt Ausr\\u00fcstung f\\u00fcr Bubble Soccer kaufen und erfolgreicher Bubblepreneur werden!\",\"inLanguage\":\"pt-PT\",\"potentialAction\":[{\"@type\":\"ReadAction\",\"target\":[\"https:\/\/www.bubble-allstars.com\/pt-pt\/clientes\/\"]}]}]}<\/script>\n<!-- \/ Yoast SEO plugin. -->","jetpack_sharing_enabled":true,"jetpack_shortlink":"https:\/\/wp.me\/P85as2-M2","_links":{"self":[{"href":"https:\/\/www.bubble-allstars.com\/pt-pt\/wp-json\/wp\/v2\/pages\/2978"}],"collection":[{"href":"https:\/\/www.bubble-allstars.com\/pt-pt\/wp-json\/wp\/v2\/pages"}],"about":[{"href":"https:\/\/www.bubble-allstars.com\/pt-pt\/wp-json\/wp\/v2\/types\/page"}],"author":[{"embeddable":true,"href":"https:\/\/www.bubble-allstars.com\/pt-pt\/wp-json\/wp\/v2\/users\/1"}],"replies":[{"embeddable":true,"href":"https:\/\/www.bubble-allstars.com\/pt-pt\/wp-json\/wp\/v2\/comments?post=2978"}],"version-history":[{"count":4,"href":"https:\/\/www.bubble-allstars.com\/pt-pt\/wp-json\/wp\/v2\/pages\/2978\/revisions"}],"predecessor-version":[{"id":3157,"href":"https:\/\/www.bubble-allstars.com\/pt-pt\/wp-json\/wp\/v2\/pages\/2978\/revisions\/3157"}],"wp:attachment":[{"href":"https:\/\/www.bubble-allstars.com\/pt-pt\/wp-json\/wp\/v2\/media?parent=2978"}],"curies":[{"name":"wp","href":"https:\/\/api.w.org\/{rel}","templated":true}]}}