{"id":2969,"date":"2019-10-20T12:12:29","date_gmt":"2019-10-20T10:12:29","guid":{"rendered":"https:\/\/www.bubble-allstars.com\/pt-pt\/zorbing-ball\/"},"modified":"2025-04-11T10:58:51","modified_gmt":"2025-04-11T08:58:51","slug":"zorbing","status":"publish","type":"page","link":"https:\/\/www.bubble-allstars.com\/pt-pt\/zorbing\/","title":{"rendered":"Compre Agora uma Bola de Zorbing"},"content":{"rendered":"<p>[vc_row full_width=&#8221;stretch_row&#8221; custom_padding=&#8221;true&#8221; custom_padding_t=&#8221;100&#8243; custom_padding_b=&#8221;100&#8243; row_overlay=&#8221;color&#8221; row_overlay_opacity=&#8221;60&#8243; row_overlay_color=&#8221;#161616&#8243; parallax=&#8221;content-moving&#8221; parallax_image=&#8221;1453&#8243;][vc_column width=&#8221;1\/6&#8243;][\/vc_column][vc_column width=&#8221;2\/3&#8243;][vc_custom_heading text=&#8221;Compre Agora uma Bola de Zorbing&#8221; google_fonts=&#8221;font_family:Open%20Sans%3A300%2C300italic%2Cregular%2Citalic%2C600%2C600italic%2C700%2C700italic%2C800%2C800italic|font_style:800%20bold%20regular%3A800%3Anormal&#8221; font_container=&#8221;tag:h1|font_size:80|text_align:center|color:%23ffffff|line_height:1&#8243; css=&#8221;.vc_custom_1585723652945{padding-top: 80px !important;}&#8221;][vc_custom_heading text=&#8221;N\u00f3s oferecemos, como revendedores certificados na regi\u00e3o de l\u00edngua alem\u00e3, a melhor qualidade aos melhores pre\u00e7os.&#8221; google_fonts=&#8221;font_family:Open%20Sans%3A300%2C300italic%2Cregular%2Citalic%2C600%2C600italic%2C700%2C700italic%2C800%2C800italic|font_style:400%20regular%3A400%3Anormal&#8221; font_container=&#8221;tag:h2|font_size:18|text_align:center|color:%23ffffff|line_height:1&#8243; css=&#8221;.vc_custom_1571658439389{padding-top: 20px !important;padding-bottom: 20px !important;}&#8221;][rdy_button text=&#8221;Mais Informa\u00e7\u00f5es&#8221; size=&#8221;large&#8221; font_weight=&#8221;700&#8243; margin_top=&#8221;25&#8243; style=&#8221;outline&#8221; outline_skin=&#8221;light&#8221; border_size=&#8221;2&#8243; border_radius=&#8221;4&#8243; link=&#8221;url:%23mehr|||&#8221;][\/vc_column][vc_column width=&#8221;1\/6&#8243;][\/vc_column][\/vc_row][vc_row full_width=&#8221;stretch_row&#8221; custom_padding=&#8221;true&#8221; custom_padding_t=&#8221;100&#8243; custom_padding_b=&#8221;80&#8243; equal_height=&#8221;yes&#8221; el_id=&#8221;mehr&#8221;][vc_column vertical_align=&#8221;center&#8221; scroll_animation=&#8221;down&#8221; scroll_animation_range=&#8221;30&#8243; scroll_animation_speed=&#8221;30&#8243; width=&#8221;1\/2&#8243;][vc_custom_heading text=&#8221;Bola de Zorbing &#8211; o hamster ball humano&#8221; google_fonts=&#8221;font_family:Open%20Sans%3A300%2C300italic%2Cregular%2Citalic%2C600%2C600italic%2C700%2C700italic%2C800%2C800italic|font_style:800%20bold%20regular%3A800%3Anormal&#8221; font_container=&#8221;tag:h2|font_size:34|text_align:left|line_height:1.2&#8243;][vc_column_text css=&#8221;.vc_custom_1571565934289{padding-top: 20px !important;}&#8221;]Entre, prenda-se e segure firme para a divers\u00e3o total. O hamster ball humano, tamb\u00e9m conhecido como Zorb, \u00e9 adequado para qualquer ocasi\u00e3o \u2013 pode ser usado tanto em ambientes internos quanto externos. Com a bola de Zorbing, voc\u00ea certamente atrair\u00e1 toda a aten\u00e7\u00e3o![\/vc_column_text][rdy_button text=&#8221;Solicite Agora sem Compromisso&#8221; font_weight=&#8221;700&#8243; align=&#8221;left&#8221; margin_top=&#8221;25&#8243; margin_bottom=&#8221;0&#8243; background=&#8221;#ffc107&#8243; border_radius=&#8221;4&#8243; link=&#8221;url:https%3A%2F%2Fwww.bubble-allstars.com%2Fpt-pt%2Fsolicitacao%2F|||&#8221;][\/vc_column][vc_column vertical_align=&#8221;center&#8221; scroll_animation=&#8221;up&#8221; scroll_animation_range=&#8221;30&#8243; scroll_animation_speed=&#8221;30&#8243; width=&#8221;1\/2&#8243;][vc_column_text]<img class=\"alignnone size-full wp-image-1452\" src=\"https:\/\/www.bubble-allstars.com\/wp-content\/uploads\/2019\/10\/WhatsApp-Image-2019-08-07-at-11.32.33-AM-1024x683.jpeg\" alt=\"\" width=\"1024\" height=\"683\" srcset=\"https:\/\/www.bubble-allstars.com\/wp-content\/uploads\/2019\/10\/WhatsApp-Image-2019-08-07-at-11.32.33-AM-1024x683.jpeg 1024w, https:\/\/www.bubble-allstars.com\/wp-content\/uploads\/2019\/10\/WhatsApp-Image-2019-08-07-at-11.32.33-AM-1024x683-300x200.jpeg 300w, https:\/\/www.bubble-allstars.com\/wp-content\/uploads\/2019\/10\/WhatsApp-Image-2019-08-07-at-11.32.33-AM-1024x683-768x512.jpeg 768w, https:\/\/www.bubble-allstars.com\/wp-content\/uploads\/2019\/10\/WhatsApp-Image-2019-08-07-at-11.32.33-AM-1024x683-700x467.jpeg 700w, https:\/\/www.bubble-allstars.com\/wp-content\/uploads\/2019\/10\/WhatsApp-Image-2019-08-07-at-11.32.33-AM-1024x683-900x600.jpeg 900w\" sizes=\"(max-width: 1024px) 100vw, 1024px\" \/>[\/vc_column_text][\/vc_column][\/vc_row][vc_row full_width=&#8221;stretch_row&#8221; custom_padding=&#8221;true&#8221; custom_padding_b=&#8221;80&#8243; equal_height=&#8221;yes&#8221;][vc_column][vc_row_inner][vc_column_inner css=&#8221;.vc_custom_1571568449864{padding-top: 40px !important;padding-right: 40px !important;padding-bottom: 40px !important;padding-left: 40px !important;background-color: #ededed !important;background-position: center !important;background-repeat: no-repeat !important;background-size: cover !important;border-radius: 10px !important;}&#8221;][vc_custom_heading text=&#8221;Nossa Oferta&#8221; google_fonts=&#8221;font_family:Open%20Sans%3A300%2C300italic%2Cregular%2Citalic%2C600%2C600italic%2C700%2C700italic%2C800%2C800italic|font_style:800%20bold%20regular%3A800%3Anormal&#8221; font_container=&#8221;tag:h2|font_size:40|text_align:center|line_height:1.2&#8243;][vc_column_text css=&#8221;.vc_custom_1571568629652{padding-top: 10px !important;}&#8221;]<\/p>\n<p style=\"text-align: center;\">Muito aconteceu no <strong>desenvolvimento das bolas de Zorbing<\/strong> desde que os primeiros prot\u00f3tipos foram criados. No entanto, os mercados est\u00e3o inundados de bubbles ultrapassados, vendidos a clientes desinformados. Conosco, voc\u00ea pode comprar <strong>apenas os produtos mais modernos para Zorbing<\/strong>.<\/p>\n<p>[\/vc_column_text][\/vc_column_inner][\/vc_row_inner][vc_empty_space height=&#8221;80px&#8221;][vc_row_inner gap=&#8221;40&#8243;][vc_column_inner width=&#8221;1\/2&#8243;][vc_custom_heading text=&#8221;Bola de Zorbing de PVC&#8221; google_fonts=&#8221;font_family:Open%20Sans%3A300%2C300italic%2Cregular%2Citalic%2C600%2C600italic%2C700%2C700italic%2C800%2C800italic|font_style:800%20bold%20regular%3A800%3Anormal&#8221; font_container=&#8221;tag:h2|font_size:38|text_align:left&#8221;][vc_empty_space height=&#8221;20px&#8221;][vc_column_text]O cl\u00e1ssico comprovado. Acess\u00edvel na aquisi\u00e7\u00e3o e pr\u00e1tico no uso. O material de qualidade permite realizar pequenos reparos facilmente por conta pr\u00f3pria.[\/vc_column_text][vc_empty_space height=&#8221;20px&#8221;][vc_column_text]<\/p>\n<ul>\n<li><strong>Acabamento profissional e de alta qualidade<\/strong><\/li>\n<li><span class=\"hilight\">Policloreto de Vinila<\/span><\/li>\n<li>1 x Kit de reparo para bola de Zorbing<\/li>\n<li>1 x Bolsa de transporte para bola de Zorbing<\/li>\n<li>4 tamanhos diferentes<\/li>\n<li><em>*Bolas de Zorbing sem cintos (com cintos, solicite explicitamente)<\/em><\/li>\n<\/ul>\n<p>[\/vc_column_text][vc_empty_space height=&#8221;20px&#8221;][vc_custom_heading text=&#8221;a partir de 1299\u20ac&#8221; google_fonts=&#8221;font_family:Open%20Sans%3A300%2C300italic%2Cregular%2Citalic%2C600%2C600italic%2C700%2C700italic%2C800%2C800italic|font_style:700%20bold%20regular%3A700%3Anormal&#8221; font_container=&#8221;tag:h2|font_size:38|text_align:left&#8221;][vc_empty_space height=&#8221;10px&#8221;][vc_custom_heading text=&#8221;em vez de 1900\u20ac<br \/>\n*acrescido de IVA&#8221; google_fonts=&#8221;font_family:Open%20Sans%3A300%2C300italic%2Cregular%2Citalic%2C600%2C600italic%2C700%2C700italic%2C800%2C800italic|font_style:400%20regular%3A400%3Anormal&#8221; font_container=&#8221;tag:h2|font_size:12|text_align:left&#8221;][rdy_button text=&#8221;Encomendar Agora&#8221; font_weight=&#8221;700&#8243; align=&#8221;left&#8221; margin_top=&#8221;15&#8243; margin_bottom=&#8221;0&#8243; background=&#8221;#ffc107&#8243; border_radius=&#8221;4&#8243; link=&#8221;url:https%3A%2F%2Fwww.bubble-allstars.com%2Fpt-pt%2Fsolicitacao%2F|||&#8221;][\/vc_column_inner][vc_column_inner width=&#8221;1\/2&#8243;][vc_custom_heading text=&#8221;Bola de Zorbing de TPU&#8221; google_fonts=&#8221;font_family:Open%20Sans%3A300%2C300italic%2Cregular%2Citalic%2C600%2C600italic%2C700%2C700italic%2C800%2C800italic|font_style:800%20bold%20regular%3A800%3Anormal&#8221; font_container=&#8221;tag:h2|font_size:38|text_align:left&#8221;][vc_empty_space height=&#8221;20px&#8221;][vc_column_text]O material premium que se destaca por sua excepcional robustez. Al\u00e9m disso, o material \u00e9 inodoro, neutro em cor e resiste at\u00e9 mesmo a temperaturas mais frias.[\/vc_column_text][vc_empty_space height=&#8221;20px&#8221;][vc_column_text]<\/p>\n<ul>\n<li><strong>Acabamento profissional e de alta qualidade<\/strong><\/li>\n<li><span class=\"hilight\">Poliuretano Termopl\u00e1stico<\/span><\/li>\n<li>1 x Kit de reparo para bola de Zorbing<\/li>\n<li>1 x Bolsa de transporte para bola de Zorbing<\/li>\n<li>4 tamanhos diferentes<\/li>\n<li><em>*Bolas de Zorbing sem cintos (com cintos, solicite explicitamente)<\/em><\/li>\n<\/ul>\n<p>[\/vc_column_text][vc_empty_space height=&#8221;20px&#8221;][vc_custom_heading text=&#8221;a partir de 1599\u20ac&#8221; google_fonts=&#8221;font_family:Open%20Sans%3A300%2C300italic%2Cregular%2Citalic%2C600%2C600italic%2C700%2C700italic%2C800%2C800italic|font_style:700%20bold%20regular%3A700%3Anormal&#8221; font_container=&#8221;tag:h2|font_size:38|text_align:left&#8221;][vc_empty_space height=&#8221;10px&#8221;][vc_custom_heading text=&#8221;em vez de 2300\u20ac<br \/>\n*acrescido de IVA&#8221; google_fonts=&#8221;font_family:Open%20Sans%3A300%2C300italic%2Cregular%2Citalic%2C600%2C600italic%2C700%2C700italic%2C800%2C800italic|font_style:400%20regular%3A400%3Anormal&#8221; font_container=&#8221;tag:h2|font_size:12|text_align:left&#8221;][rdy_button text=&#8221;Encomendar Agora&#8221; font_weight=&#8221;700&#8243; align=&#8221;left&#8221; margin_top=&#8221;15&#8243; margin_bottom=&#8221;0&#8243; background=&#8221;#ffc107&#8243; border_radius=&#8221;4&#8243; link=&#8221;url:https%3A%2F%2Fwww.bubble-allstars.com%2Fpt-pt%2Fsolicitacao%2F|||&#8221;][\/vc_column_inner][\/vc_row_inner][vc_empty_space height=&#8221;80px&#8221;][rdy_gallery hover_element=&#8221;cross&#8221; images=&#8221;1452,1454,1455&#8243;][vc_empty_space height=&#8221;80px&#8221;][vc_column_text]<\/p>\n<h2 style=\"text-align: center;\">Quer seu pr\u00f3prio logotipo no seu Zorb?<\/h2>\n<p>[\/vc_column_text][rdy_button text=&#8221;Clique Aqui&#8221; font_weight=&#8221;700&#8243; margin_top=&#8221;15&#8243; margin_bottom=&#8221;0&#8243; style=&#8221;outline&#8221; border_size=&#8221;2&#8243; border_radius=&#8221;4&#8243; link=&#8221;url:https%3A%2F%2Fwww.bubble-allstars.com%2Fpt-pt%2Fsolicitacao%2F|||&#8221;][\/vc_column][\/vc_row][vc_row full_width=&#8221;stretch_row&#8221; custom_padding=&#8221;true&#8221; custom_padding_t=&#8221;60&#8243; custom_padding_b=&#8221;60&#8243; css=&#8221;.vc_custom_1571567377258{background-color: #ffc107 !important;background-position: center !important;background-repeat: no-repeat !important;background-size: cover !important;}&#8221;][vc_column width=&#8221;1\/6&#8243;][\/vc_column][vc_column width=&#8221;2\/3&#8243;][vc_column_text]<\/p>\n<h2 style=\"text-align: center;\">Envio com Controle de Qualidade<\/h2>\n<p style=\"text-align: center;\">Nenhuma bola de Zorbing sai do nosso dep\u00f3sito sem ser cuidadosamente testada e verificada por meio de um controle de qualidade. Nesse processo, o Zorb \u00e9 testado quanto \u00e0 resist\u00eancia, material e robustez. Antes de cada entrega, seu Zorb \u00e9 confirmado por um de nossos colaboradores e s\u00f3 ent\u00e3o enviado para voc\u00ea.<\/p>\n<p>[\/vc_column_text][\/vc_column][vc_column width=&#8221;1\/6&#8243;][\/vc_column][\/vc_row][vc_row custom_padding=&#8221;true&#8221; custom_padding_t=&#8221;80&#8243; custom_padding_b=&#8221;80&#8243;][vc_column][vc_column_text]<\/p>\n<h2 style=\"text-align: center;\">Nossos Clientes Entusiasmados<\/h2>\n<p>[\/vc_column_text][vc_empty_space height=&#8221;60px&#8221;][rdy_gallery type=&#8221;grid_adv&#8221; adv_pattern=&#8221;3&#8243; orderby_random=&#8221;true&#8221; hover_element=&#8221;cross&#8221; images=&#8221;1480,1481,1482,1483,1484,1485,1486,1487,1488,1489,1490,1491,1492,1493,1494,1495,1496,1497,1498,1499&#8243;][\/vc_column][\/vc_row][vc_row][vc_column][rdy_button text=&#8221;Encomendar Bola de Zorbing Agora&#8221; size=&#8221;x-large&#8221; font_weight=&#8221;700&#8243; margin_top=&#8221;15&#8243; margin_bottom=&#8221;0&#8243; background=&#8221;#ffc107&#8243; border_radius=&#8221;4&#8243; link=&#8221;url:https%3A%2F%2Fwww.bubble-allstars.com%2Fpt-pt%2Fsolicitacao%2F|||&#8221;][\/vc_column][\/vc_row]<\/p>\n","protected":false},"excerpt":{"rendered":"<p>[vc_row full_width=&#8221;stretch_row&#8221; custom_padding=&#8221;true&#8221; custom_padding_t=&#8221;100&#8243; custom_padding_b=&#8221;100&#8243; row_overlay=&#8221;color&#8221; row_overlay_opacity=&#8221;60&#8243; row_overlay_color=&#8221;#161616&#8243; parallax=&#8221;content-moving&#8221; parallax_image=&#8221;1453&#8243;][vc_column width=&#8221;1\/6&#8243;][\/vc_column][vc_column width=&#8221;2\/3&#8243;][vc_custom_heading text=&#8221;Compre Agora uma Bola de Zorbing&#8221; google_fonts=&#8221;font_family:Open%20Sans%3A300%2C300italic%2Cregular%2Citalic%2C600%2C600italic%2C700%2C700italic%2C800%2C800italic|font_style:800%20bold%20regular%3A800%3Anormal&#8221; font_container=&#8221;tag:h1|font_size:80|text_align:center|color:%23ffffff|line_height:1&#8243; css=&#8221;.vc_custom_1585723652945{padding-top: 80px !important;}&#8221;][vc_custom_heading text=&#8221;N\u00f3s oferecemos, como revendedores certificados na regi\u00e3o [&hellip;]<\/p>\n","protected":false},"author":1,"featured_media":0,"parent":0,"menu_order":0,"comment_status":"closed","ping_status":"closed","template":"","meta":{"spay_email":""},"yoast_head":"<!-- This site is optimized with the Yoast SEO plugin v15.7 - https:\/\/yoast.com\/wordpress\/plugins\/seo\/ -->\n<title>Zorbing Ball Kaufen | Beste Qualit\u00e4t<\/title>\n<meta name=\"description\" content=\"Das Premium-Material des Zorb Ball welches sich durch au\u00dferordentliche Robustheit auszeichnet ist geruchs- und farbneutral und h\u00e4lt sogar bei k\u00e4lteren...\" \/>\n<meta name=\"robots\" content=\"index, follow, max-snippet:-1, max-image-preview:large, max-video-preview:-1\" \/>\n<link rel=\"canonical\" href=\"https:\/\/www.bubble-allstars.com\/pt-pt\/zorbing\/\" \/>\n<meta property=\"og:locale\" content=\"pt_PT\" \/>\n<meta property=\"og:type\" content=\"article\" \/>\n<meta property=\"og:title\" content=\"Zorbing Ball Kaufen | Beste Qualit\u00e4t\" \/>\n<meta property=\"og:description\" content=\"Das Premium-Material des Zorb Ball welches sich durch au\u00dferordentliche Robustheit auszeichnet ist geruchs- und farbneutral und h\u00e4lt sogar bei k\u00e4lteren...\" \/>\n<meta property=\"og:url\" content=\"https:\/\/www.bubble-allstars.com\/pt-pt\/zorbing\/\" \/>\n<meta property=\"og:site_name\" content=\"Bubble Allstars\" \/>\n<meta property=\"article:publisher\" content=\"https:\/\/www.facebook.com\/bubbleallstars\/\" \/>\n<meta property=\"article:modified_time\" content=\"2025-04-11T08:58:51+00:00\" \/>\n<meta property=\"og:image\" content=\"https:\/\/www.bubble-allstars.com\/wp-content\/uploads\/2019\/10\/WhatsApp-Image-2019-08-07-at-11.32.33-AM-1024x683.jpeg\" \/>\n<meta name=\"twitter:card\" content=\"summary\" \/>\n<meta name=\"twitter:label1\" content=\"Est. reading time\">\n\t<meta name=\"twitter:data1\" content=\"3 minutes\">\n<script type=\"application\/ld+json\" class=\"yoast-schema-graph\">{\"@context\":\"https:\/\/schema.org\",\"@graph\":[{\"@type\":\"WebSite\",\"@id\":\"https:\/\/www.bubble-allstars.com\/#website\",\"url\":\"https:\/\/www.bubble-allstars.com\/\",\"name\":\"Bubble Allstars\",\"description\":\"High Quality Bubble Soccer Balls\",\"potentialAction\":[{\"@type\":\"SearchAction\",\"target\":\"https:\/\/www.bubble-allstars.com\/?s={search_term_string}\",\"query-input\":\"required name=search_term_string\"}],\"inLanguage\":\"pt-PT\"},{\"@type\":\"ImageObject\",\"@id\":\"https:\/\/www.bubble-allstars.com\/pt-pt\/zorbing\/#primaryimage\",\"inLanguage\":\"pt-PT\",\"url\":\"https:\/\/www.bubble-allstars.com\/wp-content\/uploads\/2019\/10\/WhatsApp-Image-2019-08-07-at-11.32.33-AM-1024x683.jpeg\"},{\"@type\":\"WebPage\",\"@id\":\"https:\/\/www.bubble-allstars.com\/pt-pt\/zorbing\/#webpage\",\"url\":\"https:\/\/www.bubble-allstars.com\/pt-pt\/zorbing\/\",\"name\":\"Zorbing Ball Kaufen | Beste Qualit\\u00e4t\",\"isPartOf\":{\"@id\":\"https:\/\/www.bubble-allstars.com\/#website\"},\"primaryImageOfPage\":{\"@id\":\"https:\/\/www.bubble-allstars.com\/pt-pt\/zorbing\/#primaryimage\"},\"datePublished\":\"2019-10-20T10:12:29+00:00\",\"dateModified\":\"2025-04-11T08:58:51+00:00\",\"description\":\"Das Premium-Material des Zorb Ball welches sich durch au\\u00dferordentliche Robustheit auszeichnet ist geruchs- und farbneutral und h\\u00e4lt sogar bei k\\u00e4lteren...\",\"inLanguage\":\"pt-PT\",\"potentialAction\":[{\"@type\":\"ReadAction\",\"target\":[\"https:\/\/www.bubble-allstars.com\/pt-pt\/zorbing\/\"]}]}]}<\/script>\n<!-- \/ Yoast SEO plugin. -->","jetpack_sharing_enabled":false,"jetpack_shortlink":"https:\/\/wp.me\/P85as2-LT","_links":{"self":[{"href":"https:\/\/www.bubble-allstars.com\/pt-pt\/wp-json\/wp\/v2\/pages\/2969"}],"collection":[{"href":"https:\/\/www.bubble-allstars.com\/pt-pt\/wp-json\/wp\/v2\/pages"}],"about":[{"href":"https:\/\/www.bubble-allstars.com\/pt-pt\/wp-json\/wp\/v2\/types\/page"}],"author":[{"embeddable":true,"href":"https:\/\/www.bubble-allstars.com\/pt-pt\/wp-json\/wp\/v2\/users\/1"}],"replies":[{"embeddable":true,"href":"https:\/\/www.bubble-allstars.com\/pt-pt\/wp-json\/wp\/v2\/comments?post=2969"}],"version-history":[{"count":3,"href":"https:\/\/www.bubble-allstars.com\/pt-pt\/wp-json\/wp\/v2\/pages\/2969\/revisions"}],"predecessor-version":[{"id":3006,"href":"https:\/\/www.bubble-allstars.com\/pt-pt\/wp-json\/wp\/v2\/pages\/2969\/revisions\/3006"}],"wp:attachment":[{"href":"https:\/\/www.bubble-allstars.com\/pt-pt\/wp-json\/wp\/v2\/media?parent=2969"}],"curies":[{"name":"wp","href":"https:\/\/api.w.org\/{rel}","templated":true}]}}