{"id":2913,"date":"2016-11-28T15:41:24","date_gmt":"2016-11-28T14:41:24","guid":{"rendered":"https:\/\/www.bubble-allstars.com\/pl\/datenschutzerklaerung\/"},"modified":"2025-04-14T22:17:34","modified_gmt":"2025-04-14T20:17:34","slug":"danych","status":"publish","type":"page","link":"https:\/\/www.bubble-allstars.com\/pl\/danych\/","title":{"rendered":"O\u015bwiadczenie"},"content":{"rendered":"<p>[vc_row custom_padding=&#8221;true&#8221; custom_padding_t=&#8221;60&#8243; custom_padding_b=&#8221;60&#8243;][vc_column css=&#8221;.vc_custom_1480143708496{padding-right: 100px !important;padding-left: 100px !important;}&#8221;][vc_column_text]Nasza firma <strong>Bubble Allstars<\/strong>, zwana dalej operatorem strony internetowej, bardzo odpowiedzialnie podchodzi do Twoich danych osobowych, a poni\u017csze o\u015bwiadczenie o ochronie danych ma na celu przedstawienie Ci przegl\u0105du tego, co dzieje si\u0119 z danymi i jakie \u015brodki ochrony oferujemy.<br \/>\n<strong>O\u015bwiadczenie o ochronie danych Bubble Allstars<\/strong><br \/>\n<strong>Przedmiot o\u015bwiadczenia o ochronie danych<\/strong><br \/>\nNiniejsze o\u015bwiadczenie dotyczy danych, kt\u00f3re staj\u0105 si\u0119 znane w wyniku odwiedzenia naszej strony internetowej i informuje o tym, jak te dane s\u0105 przetwarzane. Nie dochodzi do wymiany danych z innymi firmami, co ogranicza o\u015bwiadczenie o ochronie danych wy\u0142\u0105cznie do Twojej wizyty na naszej stronie internetowej.<br \/>\n<strong>Dane osobowe i ich wykorzystanie<\/strong><br \/>\nAby m\u00f3c dokonywa\u0107 zakup\u00f3w w naszym sklepie, potrzebujesz konta klienta. To konto klienta zawiera dane osobowe, takie jak imi\u0119 i nazwisko, adres lub adres e-mail. Dane te s\u0105 przechowywane w naszej bazie danych w celu p\u00f3\u017aniejszego przetwarzania podczas logowania.<br \/>\nPonadto automatycznie zapisujemy dane w naszych plikach log\u00f3w, kt\u00f3re otrzymujemy od Twojej przegl\u0105darki podczas wizyty (przegl\u0105darka to na przyk\u0142ad Chrome, Firefox, Safari itp.). Oznacza to, \u017ce Tw\u00f3j adres IP jest znany, a na Twoim komputerze tworzony jest plik cookie. Ten plik cookie gwarantuje, \u017ce proces realizacji zam\u00f3wienia przebiega prawid\u0142owo, a przede wszystkim umo\u017cliwia zapisanie Twoich zainteresowa\u0144, dzi\u0119ki czemu przy kolejnej wizycie mo\u017cemy zaoferowa\u0107 Ci te produkty, kt\u00f3re szczeg\u00f3lnie Ci\u0119 interesuj\u0105, bez konieczno\u015bci ponownego wskazywania tych zainteresowa\u0144.<br \/>\n<strong>Przekazywanie danych<\/strong><br \/>\nDane, kt\u00f3re od Ciebie otrzymali\u015bmy, nie s\u0105 przekazywane osobom trzecim. Poniewa\u017c wysy\u0142ka realizowana jest bezpo\u015brednio przez nas, nie ma potrzeby przekazywania Twoich danych osobowych dalej.<br \/>\n<strong>Pliki cookie<\/strong><br \/>\nCz\u0119sto pojawiaj\u0105 si\u0119 niepewno\u015bci dotycz\u0105ce plik\u00f3w cookie, kt\u00f3re s\u0105 zapisywane na komputerze odwiedzaj\u0105cego. Jednak te ma\u0142e pliki to jedynie magazyny informacji. Nie generuj\u0105 wirus\u00f3w, nie atakuj\u0105 komputera i nie s\u0142u\u017c\u0105 do szpiegowania.<br \/>\nJedynym celem plik\u00f3w cookie jest zapisanie Twoich osobistych aktywno\u015bci i zainteresowa\u0144, aby\u015bmy mogli je wykorzysta\u0107 przy Twojej kolejnej wizycie. Korzy\u015b\u0107 dla Ciebie polega r\u00f3wnie\u017c na tym, \u017ce podczas odwiedzin na naszej stronie internetowej od razu widzisz oferty zgodne z Twoimi zainteresowaniami. Jest to mo\u017cliwe, poniewa\u017c plik cookie przechowuje informacje o tym, jakie produkty ostatnio ogl\u0105da\u0142e\u015b, a odpowiednie alternatywy lub \u0434\u043e\u043f\u043e\u043bnienia s\u0105 wyszukiwane, gdy tylko otworzysz stron\u0119.<br \/>\n<strong>Edycja i usuwanie danych<\/strong><br \/>\nOczywi\u015bcie zawsze masz prawo do poprawienia swoich danych osobowych zapisanych na koncie klienta \u2013 wr\u0119cz przeciwnie: jest to dla nas bardzo wa\u017cne, na przyk\u0142ad w przypadku zmiany adresu. Na koncie klienta mo\u017cesz r\u00f3wnie\u017c ustawi\u0107, czy chcesz otrzymywa\u0107 newsletter i czy \u017cyczy\u0107 sobie informacji o ofertach specjalnych.<br \/>\nTe ustawienia mo\u017cesz w ka\u017cdej chwili cofn\u0105\u0107.<br \/>\n<strong>Ochrona danych<\/strong><br \/>\nJak ju\u017c wspomniano, dane nie s\u0105 przekazywane dalej. Aby zapewni\u0107 bezpiecze\u0144stwo danych, Twoje konto klienta jest chronione has\u0142em, co uniemo\u017cliwia dost\u0119p do konta i danych osobom nieupowa\u017cnionym.<br \/>\n<strong>Zmiany w niniejszym o\u015bwiadczeniu o ochronie danych<\/strong><br \/>\nOperator strony internetowej zastrzega sobie prawo do zmiany niniejszego o\u015bwiadczenia o ochronie danych. Je\u015bli taka sytuacja mia\u0142aby miejsce, zostaniesz powiadomiony e-mailem, a odpowiednie informacje otrzymasz r\u00f3wnie\u017c za po\u015brednictwem swojego konta klienta.<br \/>\n[\/vc_column_text][\/vc_column][\/vc_row]<\/p>\n","protected":false},"excerpt":{"rendered":"<p>[vc_row custom_padding=&#8221;true&#8221; custom_padding_t=&#8221;60&#8243; custom_padding_b=&#8221;60&#8243;][vc_column css=&#8221;.vc_custom_1480143708496{padding-right: 100px !important;padding-left: 100px !important;}&#8221;][vc_column_text]Nasza firma Bubble Allstars, zwana dalej operatorem strony internetowej, bardzo odpowiedzialnie podchodzi do Twoich danych osobowych, a poni\u017csze o\u015bwiadczenie o ochronie danych [&hellip;]<\/p>\n","protected":false},"author":1,"featured_media":0,"parent":0,"menu_order":0,"comment_status":"closed","ping_status":"closed","template":"","meta":{"spay_email":""},"yoast_head":"<!-- This site is optimized with the Yoast SEO plugin v15.7 - https:\/\/yoast.com\/wordpress\/plugins\/seo\/ -->\n<title>O\u015bwiadczenie &raquo; Bubble Allstars<\/title>\n<meta name=\"robots\" content=\"index, follow, max-snippet:-1, max-image-preview:large, max-video-preview:-1\" \/>\n<link rel=\"canonical\" href=\"https:\/\/www.bubble-allstars.com\/pl\/danych\/\" \/>\n<meta property=\"og:locale\" content=\"pl_PL\" \/>\n<meta property=\"og:type\" content=\"article\" \/>\n<meta property=\"og:title\" content=\"O\u015bwiadczenie &raquo; Bubble Allstars\" \/>\n<meta property=\"og:description\" content=\"[vc_row custom_padding=&#8221;true&#8221; custom_padding_t=&#8221;60&#8243; custom_padding_b=&#8221;60&#8243;][vc_column css=&#8221;.vc_custom_1480143708496{padding-right: 100px !important;padding-left: 100px !important;}&#8221;][vc_column_text]Nasza firma Bubble Allstars, zwana dalej operatorem strony internetowej, bardzo odpowiedzialnie podchodzi do Twoich danych osobowych, a poni\u017csze o\u015bwiadczenie o ochronie danych [&hellip;]\" \/>\n<meta property=\"og:url\" content=\"https:\/\/www.bubble-allstars.com\/pl\/danych\/\" \/>\n<meta property=\"og:site_name\" content=\"Bubble Allstars\" \/>\n<meta property=\"article:publisher\" content=\"https:\/\/www.facebook.com\/bubbleallstars\/\" \/>\n<meta property=\"article:modified_time\" content=\"2025-04-14T20:17:34+00:00\" \/>\n<meta property=\"og:image\" content=\"https:\/\/www.bubble-allstars.com\/wp-content\/uploads\/2022\/08\/bubble-soccer-ball-kaufen.jpg\" \/>\n\t<meta property=\"og:image:width\" content=\"465\" \/>\n\t<meta property=\"og:image:height\" content=\"465\" \/>\n<meta name=\"twitter:card\" content=\"summary\" \/>\n<meta name=\"twitter:label1\" content=\"Est. reading time\">\n\t<meta name=\"twitter:data1\" content=\"3 minutes\">\n<script type=\"application\/ld+json\" class=\"yoast-schema-graph\">{\"@context\":\"https:\/\/schema.org\",\"@graph\":[{\"@type\":\"WebSite\",\"@id\":\"https:\/\/www.bubble-allstars.com\/#website\",\"url\":\"https:\/\/www.bubble-allstars.com\/\",\"name\":\"Bubble Allstars\",\"description\":\"High Quality Bubble Soccer Balls\",\"potentialAction\":[{\"@type\":\"SearchAction\",\"target\":\"https:\/\/www.bubble-allstars.com\/?s={search_term_string}\",\"query-input\":\"required name=search_term_string\"}],\"inLanguage\":\"pl-PL\"},{\"@type\":\"WebPage\",\"@id\":\"https:\/\/www.bubble-allstars.com\/pl\/danych\/#webpage\",\"url\":\"https:\/\/www.bubble-allstars.com\/pl\/danych\/\",\"name\":\"O\\u015bwiadczenie &raquo; Bubble Allstars\",\"isPartOf\":{\"@id\":\"https:\/\/www.bubble-allstars.com\/#website\"},\"datePublished\":\"2016-11-28T14:41:24+00:00\",\"dateModified\":\"2025-04-14T20:17:34+00:00\",\"inLanguage\":\"pl-PL\",\"potentialAction\":[{\"@type\":\"ReadAction\",\"target\":[\"https:\/\/www.bubble-allstars.com\/pl\/danych\/\"]}]}]}<\/script>\n<!-- \/ Yoast SEO plugin. -->","jetpack_sharing_enabled":true,"jetpack_shortlink":"https:\/\/wp.me\/P85as2-KZ","_links":{"self":[{"href":"https:\/\/www.bubble-allstars.com\/pl\/wp-json\/wp\/v2\/pages\/2913"}],"collection":[{"href":"https:\/\/www.bubble-allstars.com\/pl\/wp-json\/wp\/v2\/pages"}],"about":[{"href":"https:\/\/www.bubble-allstars.com\/pl\/wp-json\/wp\/v2\/types\/page"}],"author":[{"embeddable":true,"href":"https:\/\/www.bubble-allstars.com\/pl\/wp-json\/wp\/v2\/users\/1"}],"replies":[{"embeddable":true,"href":"https:\/\/www.bubble-allstars.com\/pl\/wp-json\/wp\/v2\/comments?post=2913"}],"version-history":[{"count":3,"href":"https:\/\/www.bubble-allstars.com\/pl\/wp-json\/wp\/v2\/pages\/2913\/revisions"}],"predecessor-version":[{"id":3148,"href":"https:\/\/www.bubble-allstars.com\/pl\/wp-json\/wp\/v2\/pages\/2913\/revisions\/3148"}],"wp:attachment":[{"href":"https:\/\/www.bubble-allstars.com\/pl\/wp-json\/wp\/v2\/media?parent=2913"}],"curies":[{"name":"wp","href":"https:\/\/api.w.org\/{rel}","templated":true}]}}