{"id":3081,"date":"2025-04-14T21:30:15","date_gmt":"2025-04-14T19:30:15","guid":{"rendered":"https:\/\/www.bubble-allstars.com\/fi\/?page_id=3081"},"modified":"2025-04-14T21:30:25","modified_gmt":"2025-04-14T19:30:25","slug":"yhteystiedot-2","status":"publish","type":"page","link":"https:\/\/www.bubble-allstars.com\/fi\/yhteystiedot-2\/","title":{"rendered":"Yhteystiedot"},"content":{"rendered":"<p>[vc_row custom_padding=&#8221;true&#8221; custom_padding_lr=&#8221;100&#8243; css=&#8221;.vc_custom_1480500411802{margin-top: 6% !important;margin-bottom: 6% !important;}&#8221;][vc_column width=&#8221;1\/2&#8243;][vc_column_text]<b><img class=\"wp-image-1103 alignnone\" src=\"https:\/\/www.bubble-allstars.com\/wp-content\/uploads\/2018\/03\/bubble-allstars_new-logo-trademark.png\" alt=\"\" width=\"568\" height=\"135\" srcset=\"https:\/\/www.bubble-allstars.com\/wp-content\/uploads\/2018\/03\/bubble-allstars_new-logo-trademark.png 842w, https:\/\/www.bubble-allstars.com\/wp-content\/uploads\/2018\/03\/bubble-allstars_new-logo-trademark-300x71.png 300w, https:\/\/www.bubble-allstars.com\/wp-content\/uploads\/2018\/03\/bubble-allstars_new-logo-trademark-768x182.png 768w, https:\/\/www.bubble-allstars.com\/wp-content\/uploads\/2018\/03\/bubble-allstars_new-logo-trademark-700x166.png 700w\" sizes=\"(max-width: 568px) 100vw, 568px\" \/><\/b><br \/>\n[\/vc_column_text][\/vc_column][vc_column width=&#8221;1\/2&#8243;][vc_column_text]<b>Yhteystiedot<\/b><br \/>\n<b>Allstars Int. GbR<\/b><br \/>\nALV-tunnus: ATU73765767<br \/>\n<b>Yhteystietomme<\/b><br \/>\nArgentinierstra\u00dfe 29\/24<br \/>\n1040 Wien<br \/>\nIt\u00e4valta<br \/>\n<strong>Puhelin:<\/strong> +43 677 620 371 79<br \/>\n<strong>S\u00e4hk\u00f6posti:<\/strong> office@bubble-allstars.com<br \/>\n<strong>Verkkosivusto:<\/strong> www.bubble-allstars.com<br \/>\n<b>Pankkiyhteystietomme<\/b><br \/>\nAllstars Int. GbR<br \/>\nIBAN: BE72 9670 2293 5816<br \/>\nBIC: TRWIBEB1XXX[\/vc_column_text][\/vc_column][\/vc_row]<\/p>\n","protected":false},"excerpt":{"rendered":"<p>[vc_row custom_padding=&#8221;true&#8221; custom_padding_lr=&#8221;100&#8243; css=&#8221;.vc_custom_1480500411802{margin-top: 6% !important;margin-bottom: 6% !important;}&#8221;][vc_column width=&#8221;1\/2&#8243;][vc_column_text] [\/vc_column_text][\/vc_column][vc_column width=&#8221;1\/2&#8243;][vc_column_text]Yhteystiedot Allstars Int. GbR ALV-tunnus: ATU73765767 Yhteystietomme Argentinierstra\u00dfe 29\/24 1040 Wien It\u00e4valta Puhelin: +43 677 620 371 79 S\u00e4hk\u00f6posti: office@bubble-allstars.com [&hellip;]<\/p>\n","protected":false},"author":1,"featured_media":0,"parent":0,"menu_order":0,"comment_status":"closed","ping_status":"closed","template":"","meta":{"spay_email":""},"yoast_head":"<!-- This site is optimized with the Yoast SEO plugin v15.7 - https:\/\/yoast.com\/wordpress\/plugins\/seo\/ -->\n<title>Yhteystiedot &raquo; Bubble Allstars<\/title>\n<meta name=\"robots\" content=\"index, follow, max-snippet:-1, max-image-preview:large, max-video-preview:-1\" \/>\n<link rel=\"canonical\" href=\"https:\/\/www.bubble-allstars.com\/fi\/yhteystiedot-2\/\" \/>\n<meta property=\"og:locale\" content=\"fi_FI\" \/>\n<meta property=\"og:type\" content=\"article\" \/>\n<meta property=\"og:title\" content=\"Yhteystiedot &raquo; Bubble Allstars\" \/>\n<meta property=\"og:description\" content=\"[vc_row custom_padding=&#8221;true&#8221; custom_padding_lr=&#8221;100&#8243; css=&#8221;.vc_custom_1480500411802{margin-top: 6% !important;margin-bottom: 6% !important;}&#8221;][vc_column width=&#8221;1\/2&#8243;][vc_column_text] [\/vc_column_text][\/vc_column][vc_column width=&#8221;1\/2&#8243;][vc_column_text]Yhteystiedot Allstars Int. GbR ALV-tunnus: ATU73765767 Yhteystietomme Argentinierstra\u00dfe 29\/24 1040 Wien It\u00e4valta Puhelin: +43 677 620 371 79 S\u00e4hk\u00f6posti: office@bubble-allstars.com [&hellip;]\" \/>\n<meta property=\"og:url\" content=\"https:\/\/www.bubble-allstars.com\/fi\/yhteystiedot-2\/\" \/>\n<meta property=\"og:site_name\" content=\"Bubble Allstars\" \/>\n<meta property=\"article:publisher\" content=\"https:\/\/www.facebook.com\/bubbleallstars\/\" \/>\n<meta property=\"article:modified_time\" content=\"2025-04-14T19:30:25+00:00\" \/>\n<meta property=\"og:image\" content=\"https:\/\/www.bubble-allstars.com\/wp-content\/uploads\/2018\/03\/bubble-allstars_new-logo-trademark.png\" \/>\n<meta name=\"twitter:card\" content=\"summary\" \/>\n<meta name=\"twitter:label1\" content=\"Est. reading time\">\n\t<meta name=\"twitter:data1\" content=\"1 minute\">\n<script type=\"application\/ld+json\" class=\"yoast-schema-graph\">{\"@context\":\"https:\/\/schema.org\",\"@graph\":[{\"@type\":\"WebSite\",\"@id\":\"https:\/\/www.bubble-allstars.com\/#website\",\"url\":\"https:\/\/www.bubble-allstars.com\/\",\"name\":\"Bubble Allstars\",\"description\":\"High Quality Bubble Soccer Balls\",\"potentialAction\":[{\"@type\":\"SearchAction\",\"target\":\"https:\/\/www.bubble-allstars.com\/?s={search_term_string}\",\"query-input\":\"required name=search_term_string\"}],\"inLanguage\":\"fi\"},{\"@type\":\"ImageObject\",\"@id\":\"https:\/\/www.bubble-allstars.com\/fi\/yhteystiedot-2\/#primaryimage\",\"inLanguage\":\"fi\",\"url\":\"https:\/\/www.bubble-allstars.com\/wp-content\/uploads\/2018\/03\/bubble-allstars_new-logo-trademark.png\",\"width\":842,\"height\":200},{\"@type\":\"WebPage\",\"@id\":\"https:\/\/www.bubble-allstars.com\/fi\/yhteystiedot-2\/#webpage\",\"url\":\"https:\/\/www.bubble-allstars.com\/fi\/yhteystiedot-2\/\",\"name\":\"Yhteystiedot &raquo; Bubble Allstars\",\"isPartOf\":{\"@id\":\"https:\/\/www.bubble-allstars.com\/#website\"},\"primaryImageOfPage\":{\"@id\":\"https:\/\/www.bubble-allstars.com\/fi\/yhteystiedot-2\/#primaryimage\"},\"datePublished\":\"2025-04-14T19:30:15+00:00\",\"dateModified\":\"2025-04-14T19:30:25+00:00\",\"inLanguage\":\"fi\",\"potentialAction\":[{\"@type\":\"ReadAction\",\"target\":[\"https:\/\/www.bubble-allstars.com\/fi\/yhteystiedot-2\/\"]}]}]}<\/script>\n<!-- \/ Yoast SEO plugin. -->","jetpack_sharing_enabled":true,"jetpack_shortlink":"https:\/\/wp.me\/P85as2-NH","_links":{"self":[{"href":"https:\/\/www.bubble-allstars.com\/fi\/wp-json\/wp\/v2\/pages\/3081"}],"collection":[{"href":"https:\/\/www.bubble-allstars.com\/fi\/wp-json\/wp\/v2\/pages"}],"about":[{"href":"https:\/\/www.bubble-allstars.com\/fi\/wp-json\/wp\/v2\/types\/page"}],"author":[{"embeddable":true,"href":"https:\/\/www.bubble-allstars.com\/fi\/wp-json\/wp\/v2\/users\/1"}],"replies":[{"embeddable":true,"href":"https:\/\/www.bubble-allstars.com\/fi\/wp-json\/wp\/v2\/comments?post=3081"}],"version-history":[{"count":2,"href":"https:\/\/www.bubble-allstars.com\/fi\/wp-json\/wp\/v2\/pages\/3081\/revisions"}],"predecessor-version":[{"id":3100,"href":"https:\/\/www.bubble-allstars.com\/fi\/wp-json\/wp\/v2\/pages\/3081\/revisions\/3100"}],"wp:attachment":[{"href":"https:\/\/www.bubble-allstars.com\/fi\/wp-json\/wp\/v2\/media?parent=3081"}],"curies":[{"name":"wp","href":"https:\/\/api.w.org\/{rel}","templated":true}]}}